{"id":24,"date":"2018-04-03T22:07:54","date_gmt":"2018-04-03T19:07:54","guid":{"rendered":"http:\/\/www.sammutinhuollot.fi\/?page_id=24"},"modified":"2022-07-23T12:57:02","modified_gmt":"2022-07-23T09:57:02","slug":"etusivu","status":"publish","type":"page","link":"https:\/\/www.sammutinhuollot.fi\/","title":{"rendered":"It\u00e4-Suomen Sammutinhuolto"},"content":{"rendered":"<p>It\u00e4-Suomen Sammutinhuolto Oy on 2010 perustettu sammutinalan perheyritys. Tarkistamme ja huollamme k\u00e4sisammuttimia sek\u00e4 myymme alkusammutuskalustoa.<\/p>\n<p>Asiakaskuntamme koostuu yrityksist\u00e4,&nbsp; kunnista ja kaupungeista sek\u00e4 tietenkin yksityshenkil\u00f6ist\u00e4.<\/p>\n<p>Yrityksemme on Tukesin rekister\u00f6im\u00e4 sammutinhuoltoliike.<\/p>\n","protected":false},"excerpt":{"rendered":"<p>It\u00e4-Suomen Sammutinhuolto Oy on 2010 perustettu sammutinalan perheyritys. Tarkistamme ja huollamme k\u00e4sisammuttimia sek\u00e4 myymme alkusammutuskalustoa. Asiakaskuntamme koostuu yrityksist\u00e4,&nbsp; kunnista ja kaupungeista sek\u00e4 tietenkin yksityshenkil\u00f6ist\u00e4. Yrityksemme on Tukesin rekister\u00f6im\u00e4 sammutinhuoltoliike.<\/p>\n","protected":false},"author":1,"featured_media":0,"parent":0,"menu_order":0,"comment_status":"closed","ping_status":"closed","template":"","meta":[],"_links":{"self":[{"href":"https:\/\/www.sammutinhuollot.fi\/index.php?rest_route=\/wp\/v2\/pages\/24"}],"collection":[{"href":"https:\/\/www.sammutinhuollot.fi\/index.php?rest_route=\/wp\/v2\/pages"}],"about":[{"href":"https:\/\/www.sammutinhuollot.fi\/index.php?rest_route=\/wp\/v2\/types\/page"}],"author":[{"embeddable":true,"href":"https:\/\/www.sammutinhuollot.fi\/index.php?rest_route=\/wp\/v2\/users\/1"}],"replies":[{"embeddable":true,"href":"https:\/\/www.sammutinhuollot.fi\/index.php?rest_route=%2Fwp%2Fv2%2Fcomments&post=24"}],"version-history":[{"count":7,"href":"https:\/\/www.sammutinhuollot.fi\/index.php?rest_route=\/wp\/v2\/pages\/24\/revisions"}],"predecessor-version":[{"id":161,"href":"https:\/\/www.sammutinhuollot.fi\/index.php?rest_route=\/wp\/v2\/pages\/24\/revisions\/161"}],"wp:attachment":[{"href":"https:\/\/www.sammutinhuollot.fi\/index.php?rest_route=%2Fwp%2Fv2%2Fmedia&parent=24"}],"curies":[{"name":"wp","href":"https:\/\/api.w.org\/{rel}","templated":true}]}}