{"id":28,"date":"2018-04-03T22:07:55","date_gmt":"2018-04-03T19:07:55","guid":{"rendered":"http:\/\/www.sammutinhuollot.fi\/?page_id=28"},"modified":"2019-06-30T21:39:19","modified_gmt":"2019-06-30T18:39:19","slug":"etusivuosio","status":"publish","type":"page","link":"https:\/\/www.sammutinhuollot.fi\/?page_id=28","title":{"rendered":"Palvelut"},"content":{"rendered":"<p>Tarjoamme mm. seuraavia palveluita:<\/p>\n<ul>\n<li>K\u00e4sisammuttimien tarkastus \/ huoltoty\u00f6t<\/li>\n<li>Sammutin tarkastus<\/li>\n<li>Uudet sammuttimet, sammutin myynti<\/li>\n<li>Pikapalopostien tarkastus ja huoltoty\u00f6t<\/li>\n<li>Hiilidioksidi Co2 t\u00e4yt\u00f6t<\/li>\n<li>Kaasupullojen myynti<\/li>\n<\/ul>\n<p>Huoltoautolla tulemme sovitusti asiakkaan luokse.<\/p>\n","protected":false},"excerpt":{"rendered":"<p>Tarjoamme mm. seuraavia palveluita: K\u00e4sisammuttimien tarkastus \/ huoltoty\u00f6t Sammutin tarkastus Uudet sammuttimet, sammutin myynti Pikapalopostien tarkastus ja huoltoty\u00f6t Hiilidioksidi Co2 t\u00e4yt\u00f6t Kaasupullojen myynti Huoltoautolla tulemme sovitusti asiakkaan luokse.<\/p>\n","protected":false},"author":1,"featured_media":0,"parent":0,"menu_order":0,"comment_status":"closed","ping_status":"closed","template":"","meta":[],"_links":{"self":[{"href":"https:\/\/www.sammutinhuollot.fi\/index.php?rest_route=\/wp\/v2\/pages\/28"}],"collection":[{"href":"https:\/\/www.sammutinhuollot.fi\/index.php?rest_route=\/wp\/v2\/pages"}],"about":[{"href":"https:\/\/www.sammutinhuollot.fi\/index.php?rest_route=\/wp\/v2\/types\/page"}],"author":[{"embeddable":true,"href":"https:\/\/www.sammutinhuollot.fi\/index.php?rest_route=\/wp\/v2\/users\/1"}],"replies":[{"embeddable":true,"href":"https:\/\/www.sammutinhuollot.fi\/index.php?rest_route=%2Fwp%2Fv2%2Fcomments&post=28"}],"version-history":[{"count":8,"href":"https:\/\/www.sammutinhuollot.fi\/index.php?rest_route=\/wp\/v2\/pages\/28\/revisions"}],"predecessor-version":[{"id":130,"href":"https:\/\/www.sammutinhuollot.fi\/index.php?rest_route=\/wp\/v2\/pages\/28\/revisions\/130"}],"wp:attachment":[{"href":"https:\/\/www.sammutinhuollot.fi\/index.php?rest_route=%2Fwp%2Fv2%2Fmedia&parent=28"}],"curies":[{"name":"wp","href":"https:\/\/api.w.org\/{rel}","templated":true}]}}